{"id":27,"date":"2008-02-03T19:21:19","date_gmt":"2008-02-03T18:21:19","guid":{"rendered":"http:\/\/www.letourismeaparis.fr\/?page_id=27"},"modified":"2025-09-27T12:18:44","modified_gmt":"2025-09-27T10:18:44","slug":"contact","status":"publish","type":"page","link":"http:\/\/www.letourismeaparis.fr\/index.php\/contact\/","title":{"rendered":"Contact et qui sommes nous ?"},"content":{"rendered":"<h3>\ud83d\udccd Nous contacter<\/h3>\n<ul>\n<li><strong>Adresse postale<\/strong> : 55, rue de Boulainvilliers \u2013 75016 Paris<\/li>\n<li><strong>Email<\/strong> : <a href=\"mailto:letourismeaparis@gmail.com\">letourismeaparis@gmail.com<\/a><\/li>\n<li><strong>Site internet<\/strong> : <a href=\"http:\/\/www.letourismeaparis.fr\">www.letourismeaparis.fr<\/a><\/li>\n<\/ul>\n<p><strong>R\u00e9dactrice en chef<\/strong> : Fabienne Tissier de Mallerais<br \/>\n<strong>Webmaster<\/strong> : \u00c9quipe Le Tourisme \u00e0 Paris<\/p>\n<hr>\n<h3>\ud83c\udf0d Qui sommes-nous ?<\/h3>\n<p>Cr\u00e9\u00e9e le <strong>1er juillet 1981<\/strong>, <em>Le Tourisme \u00e0 Paris<\/em> est une association culturelle d\u00e9di\u00e9e \u00e0 l\u2019accueil et \u00e0 la d\u00e9couverte de Paris et de sa r\u00e9gion.<\/p>\n<p>Notre objectif : partager des informations et bons plans autour de la vie culturelle et touristique parisienne.<\/p>\n<p>Sur notre site, vous trouverez :<\/p>\n<ul>\n<li>des id\u00e9es de visites et excursions<\/li>\n<li>des actualit\u00e9s culturelles (concerts, th\u00e9\u00e2tre, expositions, spectacles)<\/li>\n<li>des recommandations gastronomie, mode, d\u00e9coration, art de vivre<\/li>\n<li>des informations sur les salons, festivals, h\u00e9bergements et \u00e9v\u00e9nements exceptionnels<\/li>\n<\/ul>\n<hr>\n<h3>\u2696\ufe0f Informations l\u00e9gales<\/h3>\n<ul>\n<li><strong>SIRET<\/strong> : 331 980 276 00017<\/li>\n<li><strong>APE\/NAF<\/strong> : 913E<\/li>\n<li><strong>Assurance responsabilit\u00e9 civile<\/strong> : souscrite aupr\u00e8s de la MAAF<\/li>\n<\/ul>\n<p><strong>Mentions importantes :<\/strong><\/p>\n<ul>\n<li>L\u2019association n\u2019est pas responsable des annulations li\u00e9es \u00e0 des gr\u00e8ves dans les mus\u00e9es et ne proc\u00e8de \u00e0 aucun remboursement (billets, visites-conf\u00e9rences, transports).<\/li>\n<li>Nous ne pouvons \u00eatre tenus responsables du contenu des publicit\u00e9s ou des liens externes affich\u00e9s sur le site.<\/li>\n<\/ul>\n<hr>\n<p>\u2709\ufe0f Contact principal : <a href=\"mailto:letourismeaparis@gmail.com\">letourismeaparis@gmail.com<\/a><\/p>\n<p>&nbsp;<\/p>\n<p><img decoding=\"async\" src=\"http:\/\/www.letourismeaparis.fr\/wp-content\/U7NJ184-1.gif\" alt=\"\"><\/p>\n","protected":false},"excerpt":{"rendered":"<p>\ud83d\udccd Nous contacter Adresse postale : 55, rue de Boulainvilliers \u2013 75016 Paris Email : letourismeaparis@gmail.com Site internet : www.letourismeaparis.fr R\u00e9dactrice en chef : Fabienne Tissier de Mallerais Webmaster : \u00c9quipe Le Tourisme \u00e0 Paris \ud83c\udf0d Qui sommes-nous ? Cr\u00e9\u00e9e&#8230;<\/p>\n","protected":false},"author":2,"featured_media":0,"parent":0,"menu_order":4,"comment_status":"open","ping_status":"open","template":"","meta":{"ngg_post_thumbnail":0,"jetpack_post_was_ever_published":false,"footnotes":""},"class_list":["post-27","page","type-page","status-publish","hentry"],"jetpack-related-posts":[{"id":203,"url":"http:\/\/www.letourismeaparis.fr\/index.php\/publicitepartenariat\/","url_meta":{"origin":27,"position":0},"title":"Partenaires","author":"Fabienne TM","date":"24 juin 2008","format":false,"excerpt":"Vous \u00eates annonceur et chercher\u00a0 \u00e0 communiquer... Contactez nous pour vos demandes ,\u00a0 nous vous indiquerons les tarifs pour vos campagnes\u00a0 \u00e0 partir d'une annonce sous forme d'article. contact@letourismeaparis.fr Le Tourisme \u00e0 Paris ne serait \u00eatre tenu pour responsable des contenus\u00a0 et des informations mentionn\u00e9es\u00a0 \u00e0 titre publicitaires des liens\u2026","rel":"","context":"Article similaire","block_context":{"text":"Article similaire","link":""},"img":{"alt_text":"","src":"","width":0,"height":0},"classes":[]},{"id":11843,"url":"http:\/\/www.letourismeaparis.fr\/index.php\/immatriclation-au-registre-des-operateurs-de-voyages\/","url_meta":{"origin":27,"position":1},"title":"Mentions l\u00e9gales","author":"Fabienne TM","date":"5 ao\u00fbt 2012","format":false,"excerpt":"\"Le Tourisme \u00e0 Paris\" est une association culturelle loi 1901 datant de 1981","rel":"","context":"Article similaire","block_context":{"text":"Article similaire","link":""},"img":{"alt_text":"","src":"","width":0,"height":0},"classes":[]},{"id":162,"url":"http:\/\/www.letourismeaparis.fr\/index.php\/practical-information\/paris-advisor-2\/","url_meta":{"origin":27,"position":2},"title":"PARIS ADVISOR (2)","author":"Fabienne TM","date":"14 mai 2008","format":false,"excerpt":">>Go back to previous page (1\/2) YOU ARE IN PARIS You better buy PARIS VISITE TRAVEL PASS on sale at main metro station, RER and SNCF train station, at the parisian airrports, and at Paris Convention and Visitors Bureau. TRANSPORT BY CAR In France , you drive on the right,\u2026","rel":"","context":"Article similaire","block_context":{"text":"Article similaire","link":""},"img":{"alt_text":"","src":"","width":0,"height":0},"classes":[]},{"id":68,"url":"http:\/\/www.letourismeaparis.fr\/index.php\/practical-information\/","url_meta":{"origin":27,"position":3},"title":"PARIS ADVISOR","author":"Fabienne TM","date":"2 mars 2008","format":false,"excerpt":">>Go to next page (2\/2) ARRIVAL Leaving the airport Air France coaches Air France offers transfers between CDG and Orly airports as well as between Paris and the two airports. For any connection on an Air France flight a free bus ticket will be provided for Fr\u00e9quence Plus Rouge and\u2026","rel":"","context":"Article similaire","block_context":{"text":"Article similaire","link":""},"img":{"alt_text":"","src":"http:\/\/banniere.reussissonsensemble.fr\/view.asp","width":350,"height":200},"classes":[]},{"id":125,"url":"http:\/\/www.letourismeaparis.fr\/index.php\/your-honey-moon-in-paris\/","url_meta":{"origin":27,"position":4},"title":"Trendy places","author":"Fabienne TM","date":"28 novembre 2009","format":false,"excerpt":"Le Vaudeville, un bon restaurant et un cadre sympathique, place de la Bourse, 29, rue Vivienne Paris 75002 \u00a0 Le Prince de Galles vous accompagnera pour de superbes afterworks \"les jeudis du prince\", le jeudi soir \u00e0 partir de 19h avec un DJ et d'excellents cocktails. 33, un lieu Georges\u2026","rel":"","context":"Article similaire","block_context":{"text":"Article similaire","link":""},"img":{"alt_text":"","src":"","width":0,"height":0},"classes":[]},{"id":4840,"url":"http:\/\/www.letourismeaparis.fr\/index.php\/hotelsrestaurants\/","url_meta":{"origin":27,"position":5},"title":"Hotels \/Restaurants","author":"Fabienne TM","date":"28 octobre 2009","format":false,"excerpt":"L'H\u00f4tel CAYRE \u00a0 K + K est situ\u00e9 au coeur de Paris, rive gauche \u00e0 Saint Germain des Pr\u00e9s. Il est proche de la rue du Bac, anim\u00e9e et \"parisienne\" avec ses nombreux commerces .C'est un h\u00f4tel haut de gamme, raffin\u00e9 et disposant d'un confort high tech; l'accueil est chaleureux\u2026","rel":"","context":"Article similaire","block_context":{"text":"Article similaire","link":""},"img":{"alt_text":"","src":"","width":0,"height":0},"classes":[]}],"jetpack_sharing_enabled":true,"jetpack_likes_enabled":true,"_links":{"self":[{"href":"http:\/\/www.letourismeaparis.fr\/index.php\/wp-json\/wp\/v2\/pages\/27","targetHints":{"allow":["GET"]}}],"collection":[{"href":"http:\/\/www.letourismeaparis.fr\/index.php\/wp-json\/wp\/v2\/pages"}],"about":[{"href":"http:\/\/www.letourismeaparis.fr\/index.php\/wp-json\/wp\/v2\/types\/page"}],"author":[{"embeddable":true,"href":"http:\/\/www.letourismeaparis.fr\/index.php\/wp-json\/wp\/v2\/users\/2"}],"replies":[{"embeddable":true,"href":"http:\/\/www.letourismeaparis.fr\/index.php\/wp-json\/wp\/v2\/comments?post=27"}],"version-history":[{"count":3,"href":"http:\/\/www.letourismeaparis.fr\/index.php\/wp-json\/wp\/v2\/pages\/27\/revisions"}],"predecessor-version":[{"id":26427,"href":"http:\/\/www.letourismeaparis.fr\/index.php\/wp-json\/wp\/v2\/pages\/27\/revisions\/26427"}],"wp:attachment":[{"href":"http:\/\/www.letourismeaparis.fr\/index.php\/wp-json\/wp\/v2\/media?parent=27"}],"curies":[{"name":"wp","href":"https:\/\/api.w.org\/{rel}","templated":true}]}}