{"id":4840,"date":"2009-10-28T13:41:47","date_gmt":"2009-10-28T11:41:47","guid":{"rendered":"http:\/\/www.letourismeaparis.fr\/?page_id=4840"},"modified":"2009-10-28T13:41:47","modified_gmt":"2009-10-28T11:41:47","slug":"hotelsrestaurants","status":"publish","type":"page","link":"http:\/\/www.letourismeaparis.fr\/index.php\/hotelsrestaurants\/","title":{"rendered":"Hotels \/Restaurants"},"content":{"rendered":"<p><strong><span style=\"vertical-align: inherit;\"><span style=\"vertical-align: inherit;\">L&rsquo;H\u00f4tel CAYRE<\/span><\/span><\/strong><span style=\"vertical-align: inherit;\"><span style=\"vertical-align: inherit;\"> &nbsp; K + K est situ\u00e9 au coeur de Paris, rive gauche \u00e0 Saint Germain des Pr\u00e9s. <\/span><span style=\"vertical-align: inherit;\">Il est proche de la rue du Bac, anim\u00e9e et \u00ab\u00a0parisienne\u00a0\u00bb avec ses nombreux commerces .C&rsquo;est un h\u00f4tel haut de gamme, raffin\u00e9 et disposant d&rsquo;un confort high tech; <\/span><span style=\"vertical-align: inherit;\">l&rsquo;accueil est chaleureux et vous pourrez prendre des repas de bonne qualit\u00e9.<\/span><\/span><\/p>\n<p><span style=\"vertical-align: inherit;\"><span style=\"vertical-align: inherit;\">4, boulevard Raspail Paris 75007&nbsp;<\/span><\/span><\/p>\n<p><a href=\"mailto:cayre@kkhotels.fr\"><span style=\"vertical-align: inherit;\"><span style=\"vertical-align: inherit;\">cayre@kkhotels.fr<\/span><\/span><\/a><\/p>\n<p><a href=\"http:\/\/www.kkhotels.com\"><span style=\"vertical-align: inherit;\"><span style=\"vertical-align: inherit;\">www.kkhotels.com<\/span><\/span><\/a><\/p>\n<p>&nbsp;<\/p>\n<p><!--more--><\/p>\n<p>&nbsp;<\/p>\n<p><span style=\"vertical-align: inherit;\"><span style=\"vertical-align: inherit;\"><span style=\"vertical-align: inherit;\"><span style=\"vertical-align: inherit;\">Un sushi \u00e0 la \u00ab <\/span><\/span><\/span><\/span><strong><span style=\"vertical-align: inherit;\"><span style=\"vertical-align: inherit;\"><span style=\"vertical-align: inherit;\"><span style=\"vertical-align: inherit;\">plan\u00e8te<\/span><\/span><\/span><\/span><\/strong><span style=\"vertical-align: inherit;\"><span style=\"vertical-align: inherit;\"><span style=\"vertical-align: inherit;\"><span style=\"vertical-align: inherit;\"> \u00bb, o\u00f9 vous pourrez d\u00e9couvrir la collection au noir, au riz noir, \u00e0 la Cour &#8230;. de tr\u00e8s bons produits \u00e0 d\u00e9guster sans tarder.<\/span><\/span><\/span><\/span><\/p>\n<p><span style=\"vertical-align: inherit;\"><span style=\"vertical-align: inherit;\"><span style=\"vertical-align: inherit;\"><span style=\"vertical-align: inherit;\">75, avenue Kl\u00e9ber 75116 Paris<\/span><\/span><\/span><\/span><\/p>\n<p>&nbsp;<\/p>\n<p><script type=\"text\/javascript\">\/\/ <![CDATA[\nvar uri = 'http:\/\/impfr.tradedoubler.com\/imp?type(js)g(16291830)a(1748218)' + new String (Math.random()).substring (2, 11);\ndocument.write('<sc'+'ript type=\"text\/javascript\" src=\"'+uri+'\" charset=\"ISO-8859-1\"><\/sc'+'ript>');\n\/\/ ]]><\/script><\/p>\n<p><script type=\"text\/javascript\">\/\/ <![CDATA[\nvar uri = 'http:\/\/impfr.tradedoubler.com\/imp?type(js)g(17618694)a(1748218)' + new String (Math.random()).substring (2, 11);\ndocument.write('<sc'+'ript type=\"text\/javascript\" src=\"'+uri+'\" charset=\"ISO-8859-1\"><\/sc'+'ript>');\n\/\/ ]]><\/script><\/p>\n<p><strong><span style=\"vertical-align: inherit;\"><span style=\"vertical-align: inherit;\"><span style=\"vertical-align: inherit;\"><span style=\"vertical-align: inherit;\">l&rsquo;H\u00f4tel Renaissance Paris Hippodrome de Saint Cloud<\/span><\/span><\/span><\/span><\/strong><span style=\"vertical-align: inherit;\"><span style=\"vertical-align: inherit;\"><span style=\"vertical-align: inherit;\"><span style=\"vertical-align: inherit;\"> est un havre de paix, Une adresse \u00e9l\u00e9gante et champ\u00eatre aux portes de la capitale. <\/span><\/span><\/span><span style=\"vertical-align: inherit;\"><span style=\"vertical-align: inherit;\"><span style=\"vertical-align: inherit;\">Le parcours de golf du Paris Country Club est accessible aux clients de l&rsquo;h\u00f4tel. <\/span><\/span><\/span><span style=\"vertical-align: inherit;\"><span style=\"vertical-align: inherit;\"><span style=\"vertical-align: inherit;\">Le plaisir des papilles au restaurant \u00abH\u00bb<\/span><\/span><\/span><\/span><\/p>\n<p><span style=\"vertical-align: inherit;\"><span style=\"vertical-align: inherit;\"><span style=\"vertical-align: inherit;\"><span style=\"vertical-align: inherit;\">H\u00f4tel Renaissance Paris Hippodrome de Saint Cloud<\/span><\/span><\/span><\/span><\/p>\n<p><span style=\"vertical-align: inherit;\"><span style=\"vertical-align: inherit;\"><span style=\"vertical-align: inherit;\"><span style=\"vertical-align: inherit;\">123, rue du Lieutenant-Colonel de Montbrison<\/span><\/span><\/span><\/span><\/p>\n<p><span style=\"vertical-align: inherit;\"><span style=\"vertical-align: inherit;\"><span style=\"vertical-align: inherit;\"><span style=\"vertical-align: inherit;\">92 500 Rueil-Malmaison<\/span><\/span><\/span><\/span><\/p>\n<p><span style=\"vertical-align: inherit;\"><span style=\"vertical-align: inherit;\"><span style=\"vertical-align: inherit;\"><span style=\"vertical-align: inherit;\">A 10 minutes de la Porte Maillot<\/span><\/span><\/span><\/span><\/p>\n<p><a href=\"http:\/\/renaissanceParisSaintcloud.com\"><span style=\"vertical-align: inherit;\"><span style=\"vertical-align: inherit;\"><span style=\"vertical-align: inherit;\"><span style=\"vertical-align: inherit;\">renaissanceParisSaintcloud.com<\/span><\/span><\/span><\/span><\/a><\/p>\n<p>&nbsp;<\/p>\n<p><strong><span style=\"vertical-align: inherit;\"><span style=\"vertical-align: inherit;\"><span style=\"vertical-align: inherit;\"><span style=\"vertical-align: inherit;\">Le bistrot Alexandre III&nbsp;<\/span><\/span><\/span><\/span><\/strong><\/p>\n<p><span style=\"vertical-align: inherit;\"><span style=\"vertical-align: inherit;\"><span style=\"vertical-align: inherit;\"><span style=\"vertical-align: inherit;\">Un excellent restaurant et un excellent chef sous le pont Alexandre III, rive gauche<\/span><\/span><\/span><\/span><\/p>\n<p><a href=\"http:\/\/bistotalexandre3.fr\"><span style=\"vertical-align: inherit;\"><span style=\"vertical-align: inherit;\"><span style=\"vertical-align: inherit;\"><span style=\"vertical-align: inherit;\">bistotalexandre3.fr<\/span><\/span><\/span><\/span><\/a><\/p>\n<p>&nbsp;<\/p>\n<p><a href=\"http:\/\/www.bistrotalexandre3.fr\/fr\/la-carte-et-les-menus\/chef\"><strong><span style=\"vertical-align: inherit;\"><span style=\"vertical-align: inherit;\"><span style=\"vertical-align: inherit;\"><span style=\"vertical-align: inherit;\">Le caf\u00e9 Dali au Meurice,<\/span><\/span><\/span><\/span><\/strong><\/a><\/p>\n<p><a href=\"http:\/\/www.bistrotalexandre3.fr\/fr\/la-carte-et-les-menus\/chef\"><span style=\"vertical-align: inherit;\"><span style=\"vertical-align: inherit;\"><span style=\"vertical-align: inherit;\"><span style=\"vertical-align: inherit;\"> d&rsquo;un tr\u00e8s grand raffinement, pour ses go\u00fbters et ses d\u00e9licieuses p\u00e2tisseries de C\u00e9dric Grollet.<\/span><\/span><\/span><\/span><\/a><\/p>\n<p><span style=\"vertical-align: inherit;\"><span style=\"vertical-align: inherit;\"><span style=\"vertical-align: inherit;\"><span style=\"vertical-align: inherit;\">228, rue de Rivoli Paris 75001<\/span><\/span><\/span><\/span><\/p>\n<table style=\"cursor: default;\" border=\"0\" cellspacing=\"0\" cellpadding=\"0\">\n<tbody>\n<tr>\n<td style=\"color: #000000; font-size: 11px; cursor: text; margin: 8px;\" valign=\"top\" width=\"307\">&nbsp;<\/td>\n<td style=\"color: #000000; font-size: 11px; cursor: text; margin: 8px;\" valign=\"top\" width=\"307\">&nbsp;<\/td>\n<\/tr>\n<\/tbody>\n<\/table>\n","protected":false},"excerpt":{"rendered":"<p>L&rsquo;H\u00f4tel CAYRE &nbsp; K + K est situ\u00e9 au coeur de Paris, rive gauche \u00e0 Saint Germain des Pr\u00e9s. Il est proche de la rue du Bac, anim\u00e9e et \u00ab\u00a0parisienne\u00a0\u00bb avec ses nombreux commerces .C&rsquo;est un h\u00f4tel haut de gamme,&#8230;<\/p>\n","protected":false},"author":2,"featured_media":0,"parent":0,"menu_order":8,"comment_status":"open","ping_status":"open","template":"","meta":{"ngg_post_thumbnail":0,"jetpack_post_was_ever_published":false,"footnotes":""},"class_list":["post-4840","page","type-page","status-publish","hentry"],"jetpack-related-posts":[{"id":125,"url":"http:\/\/www.letourismeaparis.fr\/index.php\/your-honey-moon-in-paris\/","url_meta":{"origin":4840,"position":0},"title":"Trendy places","author":"Fabienne TM","date":"28 novembre 2009","format":false,"excerpt":"Le Vaudeville, un bon restaurant et un cadre sympathique, place de la Bourse, 29, rue Vivienne Paris 75002 \u00a0 Le Prince de Galles vous accompagnera pour de superbes afterworks \"les jeudis du prince\", le jeudi soir \u00e0 partir de 19h avec un DJ et d'excellents cocktails. 33, un lieu Georges\u2026","rel":"","context":"Article similaire","block_context":{"text":"Article similaire","link":""},"img":{"alt_text":"","src":"","width":0,"height":0},"classes":[]},{"id":68,"url":"http:\/\/www.letourismeaparis.fr\/index.php\/practical-information\/","url_meta":{"origin":4840,"position":1},"title":"PARIS ADVISOR","author":"Fabienne TM","date":"2 mars 2008","format":false,"excerpt":">>Go to next page (2\/2) ARRIVAL Leaving the airport Air France coaches Air France offers transfers between CDG and Orly airports as well as between Paris and the two airports. For any connection on an Air France flight a free bus ticket will be provided for Fr\u00e9quence Plus Rouge and\u2026","rel":"","context":"Article similaire","block_context":{"text":"Article similaire","link":""},"img":{"alt_text":"","src":"http:\/\/banniere.reussissonsensemble.fr\/view.asp","width":350,"height":200},"classes":[]},{"id":27,"url":"http:\/\/www.letourismeaparis.fr\/index.php\/contact\/","url_meta":{"origin":4840,"position":2},"title":"Contact et qui sommes nous ?","author":"Fabienne TM","date":"3 f\u00e9vrier 2008","format":false,"excerpt":"\ud83d\udccd Nous contacter Adresse postale : 55, rue de Boulainvilliers \u2013 75016 Paris Email : letourismeaparis@gmail.com Site internet : www.letourismeaparis.fr R\u00e9dactrice en chef : Fabienne Tissier de Mallerais Webmaster : \u00c9quipe Le Tourisme \u00e0 Paris \ud83c\udf0d Qui sommes-nous ? Cr\u00e9\u00e9e le 1er juillet 1981, Le Tourisme \u00e0 Paris est une\u2026","rel":"","context":"Article similaire","block_context":{"text":"Article similaire","link":""},"img":{"alt_text":"","src":"","width":0,"height":0},"classes":[]},{"id":11843,"url":"http:\/\/www.letourismeaparis.fr\/index.php\/immatriclation-au-registre-des-operateurs-de-voyages\/","url_meta":{"origin":4840,"position":3},"title":"Mentions l\u00e9gales","author":"Fabienne TM","date":"5 ao\u00fbt 2012","format":false,"excerpt":"\"Le Tourisme \u00e0 Paris\" est une association culturelle loi 1901 datant de 1981","rel":"","context":"Article similaire","block_context":{"text":"Article similaire","link":""},"img":{"alt_text":"","src":"","width":0,"height":0},"classes":[]},{"id":162,"url":"http:\/\/www.letourismeaparis.fr\/index.php\/practical-information\/paris-advisor-2\/","url_meta":{"origin":4840,"position":4},"title":"PARIS ADVISOR (2)","author":"Fabienne TM","date":"14 mai 2008","format":false,"excerpt":">>Go back to previous page (1\/2) YOU ARE IN PARIS You better buy PARIS VISITE TRAVEL PASS on sale at main metro station, RER and SNCF train station, at the parisian airrports, and at Paris Convention and Visitors Bureau. TRANSPORT BY CAR In France , you drive on the right,\u2026","rel":"","context":"Article similaire","block_context":{"text":"Article similaire","link":""},"img":{"alt_text":"","src":"","width":0,"height":0},"classes":[]},{"id":203,"url":"http:\/\/www.letourismeaparis.fr\/index.php\/publicitepartenariat\/","url_meta":{"origin":4840,"position":5},"title":"Partenaires","author":"Fabienne TM","date":"24 juin 2008","format":false,"excerpt":"Vous \u00eates annonceur et chercher\u00a0 \u00e0 communiquer... Contactez nous pour vos demandes ,\u00a0 nous vous indiquerons les tarifs pour vos campagnes\u00a0 \u00e0 partir d'une annonce sous forme d'article. contact@letourismeaparis.fr Le Tourisme \u00e0 Paris ne serait \u00eatre tenu pour responsable des contenus\u00a0 et des informations mentionn\u00e9es\u00a0 \u00e0 titre publicitaires des liens\u2026","rel":"","context":"Article similaire","block_context":{"text":"Article similaire","link":""},"img":{"alt_text":"","src":"","width":0,"height":0},"classes":[]}],"jetpack_sharing_enabled":true,"jetpack_likes_enabled":true,"_links":{"self":[{"href":"http:\/\/www.letourismeaparis.fr\/index.php\/wp-json\/wp\/v2\/pages\/4840","targetHints":{"allow":["GET"]}}],"collection":[{"href":"http:\/\/www.letourismeaparis.fr\/index.php\/wp-json\/wp\/v2\/pages"}],"about":[{"href":"http:\/\/www.letourismeaparis.fr\/index.php\/wp-json\/wp\/v2\/types\/page"}],"author":[{"embeddable":true,"href":"http:\/\/www.letourismeaparis.fr\/index.php\/wp-json\/wp\/v2\/users\/2"}],"replies":[{"embeddable":true,"href":"http:\/\/www.letourismeaparis.fr\/index.php\/wp-json\/wp\/v2\/comments?post=4840"}],"version-history":[{"count":0,"href":"http:\/\/www.letourismeaparis.fr\/index.php\/wp-json\/wp\/v2\/pages\/4840\/revisions"}],"wp:attachment":[{"href":"http:\/\/www.letourismeaparis.fr\/index.php\/wp-json\/wp\/v2\/media?parent=4840"}],"curies":[{"name":"wp","href":"https:\/\/api.w.org\/{rel}","templated":true}]}}